{"id":60,"date":"2023-10-12T14:18:59","date_gmt":"2023-10-12T12:18:59","guid":{"rendered":"https:\/\/coseje.com\/?page_id=60"},"modified":"2023-10-12T16:08:12","modified_gmt":"2023-10-12T14:08:12","slug":"des-professionnels-a-votre-service","status":"publish","type":"page","link":"https:\/\/coseje.com\/","title":{"rendered":"DES PROFESSIONNELS \u00c0 VOTRE SERVICE"},"content":{"rendered":"\n<figure class=\"wp-block-image is-resized\"><img loading=\"lazy\" decoding=\"async\" src=\"https:\/\/coseje.com\/wp-content\/uploads\/2023\/10\/Logo-COSEJE-4-1024x1024.jpg\" alt=\"\" class=\"wp-image-10\" style=\"width:479px;height:479px\" width=\"479\" height=\"479\" srcset=\"https:\/\/coseje.com\/wp-content\/uploads\/2023\/10\/Logo-COSEJE-4-1024x1024.jpg 1024w, https:\/\/coseje.com\/wp-content\/uploads\/2023\/10\/Logo-COSEJE-4-300x300.jpg 300w, https:\/\/coseje.com\/wp-content\/uploads\/2023\/10\/Logo-COSEJE-4-150x150.jpg 150w, https:\/\/coseje.com\/wp-content\/uploads\/2023\/10\/Logo-COSEJE-4-768x768.jpg 768w, https:\/\/coseje.com\/wp-content\/uploads\/2023\/10\/Logo-COSEJE-4-1536x1536.jpg 1536w, https:\/\/coseje.com\/wp-content\/uploads\/2023\/10\/Logo-COSEJE-4-2048x2048.jpg 2048w, https:\/\/coseje.com\/wp-content\/uploads\/2023\/10\/Logo-COSEJE-4-1200x1199.jpg 1200w, https:\/\/coseje.com\/wp-content\/uploads\/2023\/10\/Logo-COSEJE-4-1980x1979.jpg 1980w\" sizes=\"auto, (max-width: 479px) 100vw, 479px\" \/><\/figure>\n\n\n\n<p class=\"has-text-align-center has-normal-font-size\">\u00ab&nbsp;Nous sommes sp\u00e9cialis\u00e9s depuis plus de 30 ans dans la cr\u00e9ation et l\u2019exploitation de centre de profits de loisirs.<\/p>\n\n\n\n<p>Nous d\u00e9veloppons ou accompagnons les projets dans ce large secteur d\u2019activit\u00e9.&nbsp;\u00bb<\/p>\n\n\n\n<p><strong>COSEJE<\/strong><\/p>\n\n\n\n<p>Nous travaillons avec les autorit\u00e9s r\u00e9f\u00e9rentes et dans le plus grand respect de la l\u00e9gislation en vigueur.<\/p>\n\n\n\n<p>Notre but est de favoriser le travail local et de s\u2019appuyer sur des comp\u00e9tences nationales afin d\u2019\u00eatre en phase avec nos engagements en mati\u00e8re de coop\u00e9ration.<\/p>\n\n\n\n<figure class=\"wp-block-image\"><img loading=\"lazy\" decoding=\"async\" width=\"1024\" height=\"683\" src=\"https:\/\/coseje.com\/wp-content\/uploads\/2023\/10\/69871191_xl-1024x683.jpg\" alt=\"\" class=\"wp-image-13\" srcset=\"https:\/\/coseje.com\/wp-content\/uploads\/2023\/10\/69871191_xl-1024x683.jpg 1024w, https:\/\/coseje.com\/wp-content\/uploads\/2023\/10\/69871191_xl-300x200.jpg 300w, https:\/\/coseje.com\/wp-content\/uploads\/2023\/10\/69871191_xl-768x512.jpg 768w, https:\/\/coseje.com\/wp-content\/uploads\/2023\/10\/69871191_xl-1536x1024.jpg 1536w, https:\/\/coseje.com\/wp-content\/uploads\/2023\/10\/69871191_xl-2048x1365.jpg 2048w, https:\/\/coseje.com\/wp-content\/uploads\/2023\/10\/69871191_xl-1200x800.jpg 1200w, https:\/\/coseje.com\/wp-content\/uploads\/2023\/10\/69871191_xl-1980x1320.jpg 1980w\" sizes=\"auto, (max-width: 1024px) 100vw, 1024px\" \/><\/figure>\n\n\n\n<figure class=\"wp-block-image\"><img loading=\"lazy\" decoding=\"async\" width=\"1024\" height=\"683\" src=\"https:\/\/coseje.com\/wp-content\/uploads\/2023\/10\/IMG_7524.jpg\" alt=\"\" class=\"wp-image-42\" srcset=\"https:\/\/coseje.com\/wp-content\/uploads\/2023\/10\/IMG_7524.jpg 1024w, https:\/\/coseje.com\/wp-content\/uploads\/2023\/10\/IMG_7524-300x200.jpg 300w, https:\/\/coseje.com\/wp-content\/uploads\/2023\/10\/IMG_7524-768x512.jpg 768w\" sizes=\"auto, (max-width: 1024px) 100vw, 1024px\" \/><\/figure>\n\n\n\n<figure class=\"wp-block-image\"><img loading=\"lazy\" decoding=\"async\" width=\"1024\" height=\"683\" src=\"https:\/\/coseje.com\/wp-content\/uploads\/2023\/10\/IM-190909-CasinoStGilles-VeroDeco-YAH-010-1024x683.jpg\" alt=\"\" class=\"wp-image-17\" srcset=\"https:\/\/coseje.com\/wp-content\/uploads\/2023\/10\/IM-190909-CasinoStGilles-VeroDeco-YAH-010-1024x683.jpg 1024w, https:\/\/coseje.com\/wp-content\/uploads\/2023\/10\/IM-190909-CasinoStGilles-VeroDeco-YAH-010-300x200.jpg 300w, https:\/\/coseje.com\/wp-content\/uploads\/2023\/10\/IM-190909-CasinoStGilles-VeroDeco-YAH-010-768x512.jpg 768w, https:\/\/coseje.com\/wp-content\/uploads\/2023\/10\/IM-190909-CasinoStGilles-VeroDeco-YAH-010-1536x1024.jpg 1536w, https:\/\/coseje.com\/wp-content\/uploads\/2023\/10\/IM-190909-CasinoStGilles-VeroDeco-YAH-010-2048x1365.jpg 2048w, https:\/\/coseje.com\/wp-content\/uploads\/2023\/10\/IM-190909-CasinoStGilles-VeroDeco-YAH-010-1200x800.jpg 1200w, https:\/\/coseje.com\/wp-content\/uploads\/2023\/10\/IM-190909-CasinoStGilles-VeroDeco-YAH-010-1980x1320.jpg 1980w\" sizes=\"auto, (max-width: 1024px) 100vw, 1024px\" \/><\/figure>\n\n\n<div class=\"wp-block-image\">\n<figure class=\"alignright is-resized\"><img loading=\"lazy\" decoding=\"async\" src=\"https:\/\/coseje.com\/wp-content\/uploads\/2023\/10\/IMG_7972-1024x682.jpg\" alt=\"\" class=\"wp-image-40\" style=\"width:374px;height:249px\" width=\"374\" height=\"249\" srcset=\"https:\/\/coseje.com\/wp-content\/uploads\/2023\/10\/IMG_7972-1024x682.jpg 1024w, https:\/\/coseje.com\/wp-content\/uploads\/2023\/10\/IMG_7972-300x200.jpg 300w, https:\/\/coseje.com\/wp-content\/uploads\/2023\/10\/IMG_7972-768x512.jpg 768w, https:\/\/coseje.com\/wp-content\/uploads\/2023\/10\/IMG_7972-1200x800.jpg 1200w, https:\/\/coseje.com\/wp-content\/uploads\/2023\/10\/IMG_7972.jpg 1280w\" sizes=\"auto, (max-width: 374px) 100vw, 374px\" \/><\/figure>\n<\/div>\n\n\n<figure class=\"wp-block-image is-resized\"><img loading=\"lazy\" decoding=\"async\" src=\"https:\/\/coseje.com\/wp-content\/uploads\/2023\/10\/IMG_8024-1024x682.jpg\" alt=\"\" class=\"wp-image-41\" style=\"width:486px;height:324px\" width=\"486\" height=\"324\" srcset=\"https:\/\/coseje.com\/wp-content\/uploads\/2023\/10\/IMG_8024-1024x682.jpg 1024w, https:\/\/coseje.com\/wp-content\/uploads\/2023\/10\/IMG_8024-300x200.jpg 300w, https:\/\/coseje.com\/wp-content\/uploads\/2023\/10\/IMG_8024-768x512.jpg 768w, https:\/\/coseje.com\/wp-content\/uploads\/2023\/10\/IMG_8024-1200x800.jpg 1200w, https:\/\/coseje.com\/wp-content\/uploads\/2023\/10\/IMG_8024.jpg 1280w\" sizes=\"auto, (max-width: 486px) 100vw, 486px\" \/><\/figure>\n\n\n\n<p><strong>Que ce soit dans le domaine des Jeux, des animations, de la restauration ou de l\u2019h\u00f4tellerie, nous apportons nos solutions et notre savoir faire.<\/strong><\/p>\n\n\n<div class=\"wp-block-image\">\n<figure class=\"aligncenter is-resized\"><img loading=\"lazy\" decoding=\"async\" src=\"https:\/\/coseje.com\/wp-content\/uploads\/2023\/10\/IMG-0179-768x1024.jpg\" alt=\"\" class=\"wp-image-30\" style=\"width:352px;height:469px\" width=\"352\" height=\"469\" srcset=\"https:\/\/coseje.com\/wp-content\/uploads\/2023\/10\/IMG-0179-768x1024.jpg 768w, https:\/\/coseje.com\/wp-content\/uploads\/2023\/10\/IMG-0179-225x300.jpg 225w, https:\/\/coseje.com\/wp-content\/uploads\/2023\/10\/IMG-0179-1152x1536.jpg 1152w, https:\/\/coseje.com\/wp-content\/uploads\/2023\/10\/IMG-0179-1200x1600.jpg 1200w, https:\/\/coseje.com\/wp-content\/uploads\/2023\/10\/IMG-0179.jpg 1280w\" sizes=\"auto, (max-width: 352px) 100vw, 352px\" \/><\/figure>\n<\/div>\n\n\n<figure class=\"wp-block-image is-resized\"><img loading=\"lazy\" decoding=\"async\" src=\"https:\/\/coseje.com\/wp-content\/uploads\/2023\/10\/IMG-0177-1024x768.jpg\" alt=\"\" class=\"wp-image-31\" style=\"width:577px;height:433px\" width=\"577\" height=\"433\" srcset=\"https:\/\/coseje.com\/wp-content\/uploads\/2023\/10\/IMG-0177-1024x768.jpg 1024w, https:\/\/coseje.com\/wp-content\/uploads\/2023\/10\/IMG-0177-300x225.jpg 300w, https:\/\/coseje.com\/wp-content\/uploads\/2023\/10\/IMG-0177-768x576.jpg 768w, https:\/\/coseje.com\/wp-content\/uploads\/2023\/10\/IMG-0177-1200x900.jpg 1200w, https:\/\/coseje.com\/wp-content\/uploads\/2023\/10\/IMG-0177.jpg 1280w\" sizes=\"auto, (max-width: 577px) 100vw, 577px\" \/><\/figure>\n\n\n\n<figure class=\"wp-block-image size-large is-resized\"><img loading=\"lazy\" decoding=\"async\" src=\"https:\/\/coseje.com\/wp-content\/uploads\/2023\/10\/Hotel-Renoir-Cannes-Exterior-6-1024x678.jpg\" alt=\"\" class=\"wp-image-92\" style=\"width:580px;height:384px\" width=\"580\" height=\"384\" srcset=\"https:\/\/coseje.com\/wp-content\/uploads\/2023\/10\/Hotel-Renoir-Cannes-Exterior-6-1024x678.jpg 1024w, https:\/\/coseje.com\/wp-content\/uploads\/2023\/10\/Hotel-Renoir-Cannes-Exterior-6-300x199.jpg 300w, https:\/\/coseje.com\/wp-content\/uploads\/2023\/10\/Hotel-Renoir-Cannes-Exterior-6-768x508.jpg 768w, https:\/\/coseje.com\/wp-content\/uploads\/2023\/10\/Hotel-Renoir-Cannes-Exterior-6-1536x1017.jpg 1536w, https:\/\/coseje.com\/wp-content\/uploads\/2023\/10\/Hotel-Renoir-Cannes-Exterior-6-1200x794.jpg 1200w, https:\/\/coseje.com\/wp-content\/uploads\/2023\/10\/Hotel-Renoir-Cannes-Exterior-6-1980x1311.jpg 1980w, https:\/\/coseje.com\/wp-content\/uploads\/2023\/10\/Hotel-Renoir-Cannes-Exterior-6.jpg 2000w\" sizes=\"auto, (max-width: 580px) 100vw, 580px\" \/><\/figure>\n\n\n\n<figure class=\"wp-block-image size-full is-resized\"><img loading=\"lazy\" decoding=\"async\" src=\"https:\/\/coseje.com\/wp-content\/uploads\/2023\/10\/vue-sur-la-baie-de-cannes-4.jpg\" alt=\"\" class=\"wp-image-93\" style=\"width:587px;height:331px\" width=\"587\" height=\"331\" srcset=\"https:\/\/coseje.com\/wp-content\/uploads\/2023\/10\/vue-sur-la-baie-de-cannes-4.jpg 550w, https:\/\/coseje.com\/wp-content\/uploads\/2023\/10\/vue-sur-la-baie-de-cannes-4-300x169.jpg 300w\" sizes=\"auto, (max-width: 587px) 100vw, 587px\" \/><\/figure>\n","protected":false},"excerpt":{"rendered":"<p>\u00ab&nbsp;Nous sommes sp\u00e9cialis\u00e9s depuis plus de 30 ans dans la cr\u00e9ation et l\u2019exploitation de centre de profits de loisirs. Nous d\u00e9veloppons ou accompagnons les projets dans ce large secteur d\u2019activit\u00e9.&nbsp;\u00bb COSEJE Nous travaillons avec les autorit\u00e9s r\u00e9f\u00e9rentes et dans le plus grand respect de la l\u00e9gislation en vigueur. Notre but est de favoriser le travail [&hellip;]<\/p>\n","protected":false},"author":1,"featured_media":0,"parent":0,"menu_order":0,"comment_status":"closed","ping_status":"closed","template":"","meta":{"footnotes":""},"class_list":["post-60","page","type-page","status-publish","hentry"],"_links":{"self":[{"href":"https:\/\/coseje.com\/index.php\/wp-json\/wp\/v2\/pages\/60","targetHints":{"allow":["GET"]}}],"collection":[{"href":"https:\/\/coseje.com\/index.php\/wp-json\/wp\/v2\/pages"}],"about":[{"href":"https:\/\/coseje.com\/index.php\/wp-json\/wp\/v2\/types\/page"}],"author":[{"embeddable":true,"href":"https:\/\/coseje.com\/index.php\/wp-json\/wp\/v2\/users\/1"}],"replies":[{"embeddable":true,"href":"https:\/\/coseje.com\/index.php\/wp-json\/wp\/v2\/comments?post=60"}],"version-history":[{"count":7,"href":"https:\/\/coseje.com\/index.php\/wp-json\/wp\/v2\/pages\/60\/revisions"}],"predecessor-version":[{"id":95,"href":"https:\/\/coseje.com\/index.php\/wp-json\/wp\/v2\/pages\/60\/revisions\/95"}],"wp:attachment":[{"href":"https:\/\/coseje.com\/index.php\/wp-json\/wp\/v2\/media?parent=60"}],"curies":[{"name":"wp","href":"https:\/\/api.w.org\/{rel}","templated":true}]}}